{"id":9459,"date":"2019-10-16T16:14:43","date_gmt":"2019-10-16T16:14:43","guid":{"rendered":"https:\/\/www.finalit-franchise.com\/neuigkeiten\/"},"modified":"2025-09-15T08:23:06","modified_gmt":"2025-09-15T08:23:06","slug":"neuigkeiten","status":"publish","type":"page","link":"https:\/\/www.finalit-franchise.com\/de\/neuigkeiten\/","title":{"rendered":"Neuigkeiten"},"content":{"rendered":"\t\t<div data-elementor-type=\"wp-page\" data-elementor-id=\"9459\" class=\"elementor elementor-9459 elementor-1491\" data-elementor-post-type=\"page\">\n\t\t\t\t\t\t<section class=\"elementor-section elementor-top-section elementor-element elementor-element-b19322b elementor-reverse-tablet elementor-reverse-mobile elementor-section-height-min-height elementor-section-boxed elementor-section-height-default elementor-section-items-middle\" data-id=\"b19322b\" data-element_type=\"section\" data-settings=\"{&quot;background_background&quot;:&quot;classic&quot;}\">\n\t\t\t\t\t\t<div class=\"elementor-container elementor-column-gap-wider\">\n\t\t\t\t\t<div class=\"elementor-column elementor-col-100 elementor-top-column elementor-element elementor-element-6b3eefa\" data-id=\"6b3eefa\" data-element_type=\"column\">\n\t\t\t<div class=\"elementor-widget-wrap elementor-element-populated\">\n\t\t\t\t\t\t<div class=\"elementor-element elementor-element-e846d72 elementor-widget elementor-widget-heading\" data-id=\"e846d72\" data-element_type=\"widget\" data-widget_type=\"heading.default\">\n\t\t\t\t<div class=\"elementor-widget-container\">\n\t\t\t\t\t<h2 class=\"elementor-heading-title elementor-size-default\">Blog<\/h2>\t\t\t\t<\/div>\n\t\t\t\t<\/div>\n\t\t\t\t<div class=\"elementor-element elementor-element-7772236 elementor-widget elementor-widget-spacer\" data-id=\"7772236\" data-element_type=\"widget\" data-widget_type=\"spacer.default\">\n\t\t\t\t<div class=\"elementor-widget-container\">\n\t\t\t\t\t\t\t<div class=\"elementor-spacer\">\n\t\t\t<div class=\"elementor-spacer-inner\"><\/div>\n\t\t<\/div>\n\t\t\t\t\t\t<\/div>\n\t\t\t\t<\/div>\n\t\t\t\t<div class=\"elementor-element elementor-element-8de0b02 elementor-widget elementor-widget-text-editor\" data-id=\"8de0b02\" data-element_type=\"widget\" data-widget_type=\"text-editor.default\">\n\t\t\t\t<div class=\"elementor-widget-container\">\n\t\t\t\t\t\t\t\t\t<p>Aktuelle Neuigkeiten &amp; Veranstaltung<\/p>\n\t\t\t\t\t\t\t\t<\/div>\n\t\t\t\t<\/div>\n\t\t\t\t\t<\/div>\n\t\t<\/div>\n\t\t\t\t\t<\/div>\n\t\t<\/section>\n\t\t\t\t<section class=\"elementor-section elementor-top-section elementor-element elementor-element-1034af7 elementor-section-boxed elementor-section-height-default elementor-section-height-default\" data-id=\"1034af7\" data-element_type=\"section\" data-settings=\"{&quot;background_background&quot;:&quot;gradient&quot;}\">\n\t\t\t\t\t\t<div class=\"elementor-container elementor-column-gap-wider\">\n\t\t\t\t\t<div class=\"elementor-column elementor-col-66 elementor-top-column elementor-element elementor-element-074b676\" data-id=\"074b676\" data-element_type=\"column\" data-settings=\"{&quot;background_background&quot;:&quot;classic&quot;}\">\n\t\t\t<div class=\"elementor-widget-wrap elementor-element-populated\">\n\t\t\t\t\t\t<div class=\"elementor-element elementor-element-73babc2 preserve-img-ratio-cover elementor-widget elementor-widget-the7_elements\" data-id=\"73babc2\" data-element_type=\"widget\" data-widget_type=\"the7_elements.default\">\n\t\t\t\t<div class=\"elementor-widget-container\">\n\t\t\t\t\t<div class=\"portfolio-shortcode the7-elementor-widget the7_elements-73babc2 mode-masonry bottom-overlap-layout-list description-under-image content-bg-on resize-by-browser-width loading-effect-none\" data-padding=\"0\" data-mobile-columns-num=\"1\" data-tablet-columns-num=\"\" data-desktop-columns-num=\"1\" data-wide-desktop-columns-num=\"1\" data-post-limit=\"-1\" data-pagination-mode=\"standard\" data-scroll-offset=\"\"><div class=\"iso-container dt-isotope custom-iso-columns\"><div class=\"visible wf-cell iso-item\" data-post-id=\"9404\" data-date=\"2020-10-03T13:14:36+00:00\" data-name=\"Finalit Franchise \u2013 das globale Wachstum geht weiter: Neuer Master-Franchise-Partner f\u00fcr Tschechien und die Slowakei\"><article class=\"post visible post-9404 type-post status-publish format-standard has-post-thumbnail hentry category-finalit-franchise-de category-53 description-off\" data-name=\"Finalit Franchise \u2013 das globale Wachstum geht weiter: Neuer Master-Franchise-Partner f\u00fcr Tschechien und die Slowakei\" data-date=\"2020-10-03T13:14:36+00:00\">\n\n\t<div class=\"post-thumbnail-wrap\">\n\t\t<div class=\"post-thumbnail\">\n\n\t\t\t<a class=\"post-thumbnail-rollover layzr-bg img-css-resize-wrapper\" aria-label=\"Post image\" href=\"https:\/\/www.finalit-franchise.com\/de\/finalit-franchise-das-globale-wachstum-geht-weiter-neuer-master-franchise-partner-fuer-tschechien-und-die-slowakei\/\"><img fetchpriority=\"high\" decoding=\"async\" width=\"1024\" height=\"683\" src=\"data:image\/svg+xml,%3Csvg%20xmlns%3D&#039;http%3A%2F%2Fwww.w3.org%2F2000%2Fsvg&#039;%20viewBox%3D&#039;0%200%201024%20683&#039;%2F%3E\" class=\"attachment-full size-full preload-me aspect lazy lazy-load\" alt=\"\" sizes=\"(max-width: 1024px) 100vw, 1024px\" style=\"--ratio: 1024 \/ 683;\" data-src=\"https:\/\/www.finalit-franchise.com\/wp-content\/uploads\/2025\/03\/Foto-1-Finalit-Master-Franchisenehmer-in-Tschechien-002.jpg\" loading=\"eager\" data-srcset=\"https:\/\/www.finalit-franchise.com\/wp-content\/uploads\/2025\/03\/Foto-1-Finalit-Master-Franchisenehmer-in-Tschechien-002.jpg 1024w, https:\/\/www.finalit-franchise.com\/wp-content\/uploads\/2025\/03\/Foto-1-Finalit-Master-Franchisenehmer-in-Tschechien-002-300x200.jpg 300w, https:\/\/www.finalit-franchise.com\/wp-content\/uploads\/2025\/03\/Foto-1-Finalit-Master-Franchisenehmer-in-Tschechien-002-768x512.jpg 768w\" \/><span class=\"the7-hover-icon\"><svg aria-hidden=\"true\" class=\"e-font-icon-svg e-fas-ellipsis-h\" viewBox=\"0 0 512 512\" xmlns=\"http:\/\/www.w3.org\/2000\/svg\"><path d=\"M328 256c0 39.8-32.2 72-72 72s-72-32.2-72-72 32.2-72 72-72 72 32.2 72 72zm104-72c-39.8 0-72 32.2-72 72s32.2 72 72 72 72-32.2 72-72-32.2-72-72-72zm-352 0c-39.8 0-72 32.2-72 72s32.2 72 72 72 72-32.2 72-72-32.2-72-72-72z\"><\/path><\/svg><\/span><\/a>\n\t\t<\/div>\n\t<\/div>\n\n\n<div class=\"post-entry-content\">\n\n\t<h3 class=\"ele-entry-title\"><a href=\"https:\/\/www.finalit-franchise.com\/de\/finalit-franchise-das-globale-wachstum-geht-weiter-neuer-master-franchise-partner-fuer-tschechien-und-die-slowakei\/\" rel=\"bookmark\" title=\"Finalit Franchise \u2013 das globale Wachstum geht weiter: Neuer Master-Franchise-Partner f\u00fcr Tschechien und die Slowakei\">Finalit Franchise \u2013 das globale Wachstum geht weiter: Neuer Master-Franchise-Partner f\u00fcr Tschechien und die Slowakei<\/a><\/h3><div class=\"entry-meta\"><span class=\"meta-item category-link\"><a href=\"https:\/\/www.finalit-franchise.com\/de\/category\/finalit-franchise-de\/\" rel=\"tag\">Finalit Franchise<\/a><\/span><a href=\"https:\/\/www.finalit-franchise.com\/de\/2020\/10\/03\/\" title=\"1:14 p.m.\" class=\"meta-item data-link\" rel=\"bookmark\"><time class=\"entry-date updated\" datetime=\"2020-10-03T13:14:36+00:00\">Oktober 3, 2020<\/time><\/a><\/div><div class=\"entry-excerpt\"><p>Master-Franchise-Partner in Tschechien und der Slowakei Dalibor Z\u00edtek und seine Tochter Barbara Z\u00edtkov\u00e1 aus Pilsen sind seit Fr\u00fchjahr 2020 Master-Franchise-Partner f\u00fcr Tschechien und die Slowakei. Als Unternehmer sind sie bereits in verschiedenen Gesch\u00e4ftsbereichen erfolgreich. Dazu geh\u00f6rt das Handelsunternehmen Zios, das Werkzeuge, Maschinen und Markenprodukte f\u00fcr professionelle Handwerker in Gesch\u00e4ften sowie in einem Online-Shop vertreibt. F\u00fcr&hellip;<\/p>\n<\/div><a href=\"https:\/\/www.finalit-franchise.com\/de\/finalit-franchise-das-globale-wachstum-geht-weiter-neuer-master-franchise-partner-fuer-tschechien-und-die-slowakei\/\" target=\"\" aria-label=\"Read more about Finalit Franchise \u2013 das globale Wachstum geht weiter: Neuer Master-Franchise-Partner f\u00fcr Tschechien und die Slowakei\" class=\"box-button elementor-button elementor-size-md\">Mehr lesen<\/a>\n<\/div><\/article><\/div><\/div><!-- iso-container|iso-grid --><\/div>\t\t\t\t<\/div>\n\t\t\t\t<\/div>\n\t\t\t\t\t<\/div>\n\t\t<\/div>\n\t\t\t\t<div class=\"elementor-column elementor-col-33 elementor-top-column elementor-element elementor-element-a509096\" data-id=\"a509096\" data-element_type=\"column\" data-settings=\"{&quot;background_background&quot;:&quot;classic&quot;}\">\n\t\t\t<div class=\"elementor-widget-wrap elementor-element-populated\">\n\t\t\t\t\t\t<section class=\"elementor-section elementor-inner-section elementor-element elementor-element-90c7aba elementor-section-boxed elementor-section-height-default elementor-section-height-default\" data-id=\"90c7aba\" data-element_type=\"section\">\n\t\t\t\t\t\t<div class=\"elementor-container elementor-column-gap-no\">\n\t\t\t\t\t<div class=\"elementor-column elementor-col-100 elementor-inner-column elementor-element elementor-element-01237b5\" data-id=\"01237b5\" data-element_type=\"column\">\n\t\t\t<div class=\"elementor-widget-wrap elementor-element-populated\">\n\t\t\t\t\t\t<div class=\"elementor-element elementor-element-c66d663 elementor-widget elementor-widget-heading\" data-id=\"c66d663\" data-element_type=\"widget\" data-widget_type=\"heading.default\">\n\t\t\t\t<div class=\"elementor-widget-container\">\n\t\t\t\t\t<h4 class=\"elementor-heading-title elementor-size-default\">Blog-Kategorien<\/h4>\t\t\t\t<\/div>\n\t\t\t\t<\/div>\n\t\t\t\t<div class=\"elementor-element elementor-element-206d79c elementor-widget elementor-widget-spacer\" data-id=\"206d79c\" data-element_type=\"widget\" data-widget_type=\"spacer.default\">\n\t\t\t\t<div class=\"elementor-widget-container\">\n\t\t\t\t\t\t\t<div class=\"elementor-spacer\">\n\t\t\t<div class=\"elementor-spacer-inner\"><\/div>\n\t\t<\/div>\n\t\t\t\t\t\t<\/div>\n\t\t\t\t<\/div>\n\t\t\t\t<div class=\"elementor-element elementor-element-30ebbb8 elementor-widget__width-inherit elementor-widget elementor-widget-the7-taxonomy-filter\" data-id=\"30ebbb8\" data-element_type=\"widget\" data-widget_type=\"the7-taxonomy-filter.default\">\n\t\t\t\t<div class=\"elementor-widget-container\">\n\t\t\t\t\t<div class=\"filter-decorations without-isotope filter filter-pointer-background filter-animation-fade\"><div class=\"filter-categories\"><a href=\"\/de\/wp-json\/wp\/v2\/pages\/9459\" class=\"show-all filter-item act\">Alle<\/a><a class=\"filter-item\" href=\"\/de\/wp-json\/wp\/v2\/pages\/9459?taxonomy=category&#038;term=finalit-franchise-de\" data-filter=\".category-53\">Finalit Franchise<\/a><\/div><\/div>\t\t\t\t<\/div>\n\t\t\t\t<\/div>\n\t\t\t\t<div class=\"elementor-element elementor-element-6ae7269 elementor-widget elementor-widget-spacer\" data-id=\"6ae7269\" data-element_type=\"widget\" data-widget_type=\"spacer.default\">\n\t\t\t\t<div class=\"elementor-widget-container\">\n\t\t\t\t\t\t\t<div class=\"elementor-spacer\">\n\t\t\t<div class=\"elementor-spacer-inner\"><\/div>\n\t\t<\/div>\n\t\t\t\t\t\t<\/div>\n\t\t\t\t<\/div>\n\t\t\t\t<div class=\"elementor-element elementor-element-a3be4a1 elementor-widget elementor-widget-heading\" data-id=\"a3be4a1\" data-element_type=\"widget\" data-widget_type=\"heading.default\">\n\t\t\t\t<div class=\"elementor-widget-container\">\n\t\t\t\t\t<h4 class=\"elementor-heading-title elementor-size-default\">Ausgew\u00e4hlte Beitr\u00e4ge<\/h4>\t\t\t\t<\/div>\n\t\t\t\t<\/div>\n\t\t\t\t<div class=\"elementor-element elementor-element-5603f54 elementor-widget elementor-widget-spacer\" data-id=\"5603f54\" data-element_type=\"widget\" data-widget_type=\"spacer.default\">\n\t\t\t\t<div class=\"elementor-widget-container\">\n\t\t\t\t\t\t\t<div class=\"elementor-spacer\">\n\t\t\t<div class=\"elementor-spacer-inner\"><\/div>\n\t\t<\/div>\n\t\t\t\t\t\t<\/div>\n\t\t\t\t<\/div>\n\t\t\t\t<div class=\"elementor-element elementor-element-b55dc04 icon-box-vertical-align-top img-align-left image-vertical-align-start preserve-img-ratio-cover slide-h-position-left elementor-widget elementor-widget-the7-elements-simple-posts\" data-id=\"b55dc04\" data-element_type=\"widget\" data-widget_type=\"the7-elements-simple-posts.default\">\n\t\t\t\t<div class=\"elementor-widget-container\">\n\t\t\t\t\t<div class=\"the7-simple-widget-posts the7-elementor-widget the7-elements-simple-posts-b55dc04 jquery-filter jquery-filter\" data-post-limit=\"-1\" data-pagination-mode=\"none\" data-scroll-offset=\"\" aria-live=\"assertive\">\t\t\t<div class=\"dt-css-grid custom-pagination-handler\" data-columns=\"{&quot;d&quot;:1,&quot;t&quot;:1,&quot;p&quot;:1,&quot;wd&quot;:&quot;&quot;}\">\n\t\t\t\t\t\t\t\t\t<a class=\"wf-cell visible box-hover\" href=\"https:\/\/www.finalit-franchise.com\/de\/finalit-franchise-das-globale-wachstum-geht-weiter-neuer-master-franchise-partner-fuer-tschechien-und-die-slowakei\/\" target=\"\">\n\t\t\t\t\t\t<article class=\"post visible wrapper post-9404 type-post status-publish format-standard has-post-thumbnail hentry category-finalit-franchise-de category-53 description-off\">\n\n\t\t\t\t\t\t\t<div class=\"post-content-wrapper\">\n\t\t\t\t\t\t\t\t\t\t\t\t\t\t\t\t\t<div class=\"the7-simple-post-thumb\">\n\t\t\t\t\t\t\t\t\t\t<div class=\"post-thumbnail-rollover layzr-bg img-css-resize-wrapper\" aria-label=\"Post image\"><img fetchpriority=\"high\" decoding=\"async\" width=\"1024\" height=\"683\" src=\"data:image\/svg+xml,%3Csvg%20xmlns%3D&#039;http%3A%2F%2Fwww.w3.org%2F2000%2Fsvg&#039;%20viewBox%3D&#039;0%200%201024%20683&#039;%2F%3E\" class=\"attachment-full size-full preload-me aspect lazy lazy-load\" alt=\"\" sizes=\"(max-width: 1024px) 100vw, 1024px\" style=\"--ratio: 1024 \/ 683;\" data-src=\"https:\/\/www.finalit-franchise.com\/wp-content\/uploads\/2025\/03\/Foto-1-Finalit-Master-Franchisenehmer-in-Tschechien-002.jpg\" loading=\"eager\" data-srcset=\"https:\/\/www.finalit-franchise.com\/wp-content\/uploads\/2025\/03\/Foto-1-Finalit-Master-Franchisenehmer-in-Tschechien-002.jpg 1024w, https:\/\/www.finalit-franchise.com\/wp-content\/uploads\/2025\/03\/Foto-1-Finalit-Master-Franchisenehmer-in-Tschechien-002-300x200.jpg 300w, https:\/\/www.finalit-franchise.com\/wp-content\/uploads\/2025\/03\/Foto-1-Finalit-Master-Franchisenehmer-in-Tschechien-002-768x512.jpg 768w\" \/><span class=\"the7-hover-icon\"><\/span><\/div>\t\t\t\t\t\t\t\t\t<\/div>\n\t\t\t\t\t\t\t\t\t\t\t\t\t\t\t\t<div class=\"post-entry-content\">\n\t\t\t\t\t\t\t\t\t<h5 class=\"heading\"><span title=\"Finalit Franchise \u2013 das globale Wachstum geht weiter: Neuer Master-Franchise-Partner f\u00fcr Tschechien und die Slowakei\" class=\"post-title\">Finalit Franchise \u2013 das globale Wachstum geht weiter: Neuer Master-Franchise-Partner f\u00fcr Tschechien und die Slowakei<\/span><\/h5><div class=\"entry-meta\"><span class=\"meta-item category-link\"><span>Finalit Franchise<\/span><\/span><span class=\"meta-item data-link\"><time class=\"entry-date updated\" datetime=\"2020-10-03T13:14:36+00:00\">Oktober 3, 2020<\/time><\/span><\/div>\t\t\t\t\t\t\t\t<\/div>\n\t\t\t\t\t\t\t<\/div>\n\t\t\t\t\t\t<\/article>\n\t\t\t\t\t<\/a>\t\t\t\t\t\t\t\t<\/div>\n\t\t<\/div>\t\t\t\t<\/div>\n\t\t\t\t<\/div>\n\t\t\t\t<div class=\"elementor-element elementor-element-8ebdf9e elementor-widget elementor-widget-spacer\" data-id=\"8ebdf9e\" data-element_type=\"widget\" data-widget_type=\"spacer.default\">\n\t\t\t\t<div class=\"elementor-widget-container\">\n\t\t\t\t\t\t\t<div class=\"elementor-spacer\">\n\t\t\t<div class=\"elementor-spacer-inner\"><\/div>\n\t\t<\/div>\n\t\t\t\t\t\t<\/div>\n\t\t\t\t<\/div>\n\t\t\t\t\t<\/div>\n\t\t<\/div>\n\t\t\t\t\t<\/div>\n\t\t<\/section>\n\t\t\t\t\t<\/div>\n\t\t<\/div>\n\t\t\t\t\t<\/div>\n\t\t<\/section>\n\t\t\t\t<\/div>\n\t\t","protected":false},"excerpt":{"rendered":"<p>Blog Aktuelle Neuigkeiten &amp; Veranstaltung Finalit Franchise \u2013 the global growth continues: New master franchise partner for the Czech Republic and Slovakia Finalit FranchiseOctober 3, 2020 Master franchise partner in the Czech Republic and Slovakia Dalibor Z\u00edtek and his daughter Barbara Z\u00edtkov\u00e1 from Pilsen have been master franchise partners for the Czech Republic and Slovakia&hellip;<\/p>\n","protected":false},"author":1,"featured_media":0,"parent":0,"menu_order":30,"comment_status":"closed","ping_status":"closed","template":"elementor_header_footer","meta":{"footnotes":""},"class_list":["post-9459","page","type-page","status-publish","hentry","category-53","description-off"],"yoast_head":"<!-- This site is optimized with the Yoast SEO plugin v26.1 - https:\/\/yoast.com\/wordpress\/plugins\/seo\/ -->\n<title>Neuigkeiten - Finalit StoneCare Franchise<\/title>\n<meta name=\"robots\" content=\"index, follow, max-snippet:-1, max-image-preview:large, max-video-preview:-1\" \/>\n<link rel=\"canonical\" href=\"https:\/\/www.finalit-franchise.com\/news\/\" \/>\n<meta property=\"og:locale\" content=\"de_DE\" \/>\n<meta property=\"og:type\" content=\"article\" \/>\n<meta property=\"og:title\" content=\"Neuigkeiten - Finalit StoneCare Franchise\" \/>\n<meta property=\"og:description\" content=\"Blog Aktuelle Neuigkeiten &amp; Veranstaltung Finalit Franchise \u2013 the global growth continues: New master franchise partner for the Czech Republic and Slovakia Finalit FranchiseOctober 3, 2020 Master franchise partner in the Czech Republic and Slovakia Dalibor Z\u00edtek and his daughter Barbara Z\u00edtkov\u00e1 from Pilsen have been master franchise partners for the Czech Republic and Slovakia&hellip;\" \/>\n<meta property=\"og:url\" content=\"https:\/\/www.finalit-franchise.com\/news\/\" \/>\n<meta property=\"og:site_name\" content=\"Finalit StoneCare Franchise\" \/>\n<meta property=\"article:modified_time\" content=\"2025-09-15T08:23:06+00:00\" \/>\n<meta name=\"twitter:card\" content=\"summary_large_image\" \/>\n<meta name=\"twitter:label1\" content=\"Gesch\u00e4tzte Lesezeit\" \/>\n\t<meta name=\"twitter:data1\" content=\"1\u00a0Minute\" \/>\n<script type=\"application\/ld+json\" class=\"yoast-schema-graph\">{\"@context\":\"https:\/\/schema.org\",\"@graph\":[{\"@type\":\"WebPage\",\"@id\":\"https:\/\/www.finalit-franchise.com\/news\/\",\"url\":\"https:\/\/www.finalit-franchise.com\/news\/\",\"name\":\"Neuigkeiten - Finalit StoneCare Franchise\",\"isPartOf\":{\"@id\":\"https:\/\/www.finalit-franchise.com\/#website\"},\"datePublished\":\"2019-10-16T16:14:43+00:00\",\"dateModified\":\"2025-09-15T08:23:06+00:00\",\"breadcrumb\":{\"@id\":\"https:\/\/www.finalit-franchise.com\/news\/#breadcrumb\"},\"inLanguage\":\"de\",\"potentialAction\":[{\"@type\":\"ReadAction\",\"target\":[\"https:\/\/www.finalit-franchise.com\/news\/\"]}]},{\"@type\":\"BreadcrumbList\",\"@id\":\"https:\/\/www.finalit-franchise.com\/news\/#breadcrumb\",\"itemListElement\":[{\"@type\":\"ListItem\",\"position\":1,\"name\":\"Home\",\"item\":\"https:\/\/www.finalit-franchise.com\/\"},{\"@type\":\"ListItem\",\"position\":2,\"name\":\"Neuigkeiten\"}]},{\"@type\":\"WebSite\",\"@id\":\"https:\/\/www.finalit-franchise.com\/#website\",\"url\":\"https:\/\/www.finalit-franchise.com\/\",\"name\":\"Finalit StoneCare Franchise\",\"description\":\"\",\"publisher\":{\"@id\":\"https:\/\/www.finalit-franchise.com\/#organization\"},\"potentialAction\":[{\"@type\":\"SearchAction\",\"target\":{\"@type\":\"EntryPoint\",\"urlTemplate\":\"https:\/\/www.finalit-franchise.com\/?s={search_term_string}\"},\"query-input\":{\"@type\":\"PropertyValueSpecification\",\"valueRequired\":true,\"valueName\":\"search_term_string\"}}],\"inLanguage\":\"de\"},{\"@type\":\"Organization\",\"@id\":\"https:\/\/www.finalit-franchise.com\/#organization\",\"name\":\"Finalit StoneCare Franchise\",\"url\":\"https:\/\/www.finalit-franchise.com\/\",\"logo\":{\"@type\":\"ImageObject\",\"inLanguage\":\"de\",\"@id\":\"https:\/\/www.finalit-franchise.com\/#\/schema\/logo\/image\/\",\"url\":\"https:\/\/www.finalit-franchise.com\/wp-content\/uploads\/2024\/02\/finalit-franchise-logo.png\",\"contentUrl\":\"https:\/\/www.finalit-franchise.com\/wp-content\/uploads\/2024\/02\/finalit-franchise-logo.png\",\"width\":310,\"height\":67,\"caption\":\"Finalit StoneCare Franchise\"},\"image\":{\"@id\":\"https:\/\/www.finalit-franchise.com\/#\/schema\/logo\/image\/\"}}]}<\/script>\n<!-- \/ Yoast SEO plugin. -->","yoast_head_json":{"title":"Neuigkeiten - Finalit StoneCare Franchise","robots":{"index":"index","follow":"follow","max-snippet":"max-snippet:-1","max-image-preview":"max-image-preview:large","max-video-preview":"max-video-preview:-1"},"canonical":"https:\/\/www.finalit-franchise.com\/news\/","og_locale":"de_DE","og_type":"article","og_title":"Neuigkeiten - Finalit StoneCare Franchise","og_description":"Blog Aktuelle Neuigkeiten &amp; Veranstaltung Finalit Franchise \u2013 the global growth continues: New master franchise partner for the Czech Republic and Slovakia Finalit FranchiseOctober 3, 2020 Master franchise partner in the Czech Republic and Slovakia Dalibor Z\u00edtek and his daughter Barbara Z\u00edtkov\u00e1 from Pilsen have been master franchise partners for the Czech Republic and Slovakia&hellip;","og_url":"https:\/\/www.finalit-franchise.com\/news\/","og_site_name":"Finalit StoneCare Franchise","article_modified_time":"2025-09-15T08:23:06+00:00","twitter_card":"summary_large_image","twitter_misc":{"Gesch\u00e4tzte Lesezeit":"1\u00a0Minute"},"schema":{"@context":"https:\/\/schema.org","@graph":[{"@type":"WebPage","@id":"https:\/\/www.finalit-franchise.com\/news\/","url":"https:\/\/www.finalit-franchise.com\/news\/","name":"Neuigkeiten - Finalit StoneCare Franchise","isPartOf":{"@id":"https:\/\/www.finalit-franchise.com\/#website"},"datePublished":"2019-10-16T16:14:43+00:00","dateModified":"2025-09-15T08:23:06+00:00","breadcrumb":{"@id":"https:\/\/www.finalit-franchise.com\/news\/#breadcrumb"},"inLanguage":"de","potentialAction":[{"@type":"ReadAction","target":["https:\/\/www.finalit-franchise.com\/news\/"]}]},{"@type":"BreadcrumbList","@id":"https:\/\/www.finalit-franchise.com\/news\/#breadcrumb","itemListElement":[{"@type":"ListItem","position":1,"name":"Home","item":"https:\/\/www.finalit-franchise.com\/"},{"@type":"ListItem","position":2,"name":"Neuigkeiten"}]},{"@type":"WebSite","@id":"https:\/\/www.finalit-franchise.com\/#website","url":"https:\/\/www.finalit-franchise.com\/","name":"Finalit StoneCare Franchise","description":"","publisher":{"@id":"https:\/\/www.finalit-franchise.com\/#organization"},"potentialAction":[{"@type":"SearchAction","target":{"@type":"EntryPoint","urlTemplate":"https:\/\/www.finalit-franchise.com\/?s={search_term_string}"},"query-input":{"@type":"PropertyValueSpecification","valueRequired":true,"valueName":"search_term_string"}}],"inLanguage":"de"},{"@type":"Organization","@id":"https:\/\/www.finalit-franchise.com\/#organization","name":"Finalit StoneCare Franchise","url":"https:\/\/www.finalit-franchise.com\/","logo":{"@type":"ImageObject","inLanguage":"de","@id":"https:\/\/www.finalit-franchise.com\/#\/schema\/logo\/image\/","url":"https:\/\/www.finalit-franchise.com\/wp-content\/uploads\/2024\/02\/finalit-franchise-logo.png","contentUrl":"https:\/\/www.finalit-franchise.com\/wp-content\/uploads\/2024\/02\/finalit-franchise-logo.png","width":310,"height":67,"caption":"Finalit StoneCare Franchise"},"image":{"@id":"https:\/\/www.finalit-franchise.com\/#\/schema\/logo\/image\/"}}]}},"_links":{"self":[{"href":"https:\/\/www.finalit-franchise.com\/de\/wp-json\/wp\/v2\/pages\/9459","targetHints":{"allow":["GET"]}}],"collection":[{"href":"https:\/\/www.finalit-franchise.com\/de\/wp-json\/wp\/v2\/pages"}],"about":[{"href":"https:\/\/www.finalit-franchise.com\/de\/wp-json\/wp\/v2\/types\/page"}],"author":[{"embeddable":true,"href":"https:\/\/www.finalit-franchise.com\/de\/wp-json\/wp\/v2\/users\/1"}],"replies":[{"embeddable":true,"href":"https:\/\/www.finalit-franchise.com\/de\/wp-json\/wp\/v2\/comments?post=9459"}],"version-history":[{"count":1,"href":"https:\/\/www.finalit-franchise.com\/de\/wp-json\/wp\/v2\/pages\/9459\/revisions"}],"predecessor-version":[{"id":9460,"href":"https:\/\/www.finalit-franchise.com\/de\/wp-json\/wp\/v2\/pages\/9459\/revisions\/9460"}],"wp:attachment":[{"href":"https:\/\/www.finalit-franchise.com\/de\/wp-json\/wp\/v2\/media?parent=9459"}],"curies":[{"name":"wp","href":"https:\/\/api.w.org\/{rel}","templated":true}]}}